
{"id":140,"date":"2020-10-17T16:18:35","date_gmt":"2020-10-17T16:18:35","guid":{"rendered":"http:\/\/szkolanr8.freekru.pl\/?page_id=140"},"modified":"2020-10-17T20:47:58","modified_gmt":"2020-10-17T20:47:58","slug":"biblioteka","status":"publish","type":"page","link":"https:\/\/szkolanr8.freekru.pl\/?page_id=140","title":{"rendered":"Biblioteka"},"content":{"rendered":"\n<p class=\"has-text-align-center\"><strong><em>Witamy w Bibliotece Niepublicznej Szko\u0142y Podstawowej Nr 8 im Fryderyka Chopina w Warszawie <\/em><\/strong><\/p>\n\n\n\n<p><\/p>\n\n\n\n<p><strong>GODZINY PRACY BIBLIOTEKI SZKOLNEJ <\/strong><\/p>\n\n\n\n<figure class=\"wp-block-table\"><table><tbody><tr><td><strong><em>Dzie\u0144 tygodnia <\/em><\/strong><\/td><td><strong><em>Godziny pracy <\/em><\/strong><\/td><\/tr><tr><td>Poniedzia\u0142ek<\/td><td>8.00 &#8211; 20.00 <\/td><\/tr><tr><td>Wtorek<\/td><td>8.00 &#8211; 20.00 <\/td><\/tr><tr><td>\u015aroda<\/td><td>8.00 &#8211; 20.00 <\/td><\/tr><tr><td>Czwartek<\/td><td>8.00 &#8211; 20.00 <\/td><\/tr><tr><td>Pi\u0105tek<\/td><td>8.00 &#8211; 20.00 <\/td><\/tr><\/tbody><\/table><\/figure>\n\n\n\n<p><strong>REGULAMIN BIBLIOTEKI SZKOLNEJ<\/strong><\/p>\n\n\n\n<p><\/p>\n\n\n\n<ul class=\"wp-block-list\"><li>Z biblioteki szkolnej mog\u0105 korzysta\u0107 uczniowie, nauczyciele i pracownicy szko\u0142y.<\/li><li>Z biblioteki szkolnej wypo\u017cyczy\u0107 ksi\u0105\u017cki mog\u0105 wy\u0142\u0105cznie uczniowie posiadaj\u0105cy kart\u0119 biblioteki.<\/li><li>Ksi\u0105\u017cki s\u0105 wypo\u017cyczone na okres jednego miesi\u0105ca, po up\u0142ywie kt\u00f3rego mo\u017cna prosi\u0107 o prolongat\u0119.<\/li><li>W bibliotece obowi\u0105zuje wolny dost\u0119p do p\u00f3\u0142ek. Przegl\u0105dane pozycje nale\u017cy od\u0142o\u017cy\u0107 na to samo miejsce.<\/li><li>Zagubion\u0105 lub zniszczon\u0105 ksi\u0105\u017ck\u0119 nale\u017cy odkupi\u0107.<\/li><li>W bibliotece obowi\u0105zuje cisza i zakaz spo\u017cywania posi\u0142k\u00f3w.<\/li><\/ul>\n\n\n\n<p><\/p>\n\n\n\n<p><strong>PRACOWNICY BIBLIOTEKI SZKOLNEJ <\/strong><\/p>\n\n\n\n<p><em>Ma\u0142gorzata Karpi\u0144ska &#8211; kierownik biblioteki <\/em><\/p>\n\n\n\n<p><em>Zuzanna Urbaniak &#8211; bibliotekarka<\/em><\/p>\n\n\n\n<p><em>Sofiya K\u0142yczko &#8211; bibliotekarka <\/em><\/p>\n\n\n\n<p><\/p>\n","protected":false},"excerpt":{"rendered":"<p>Witamy w Bibliotece Niepublicznej Szko\u0142y Podstawowej Nr 8 im Fryderyka Chopina w Warszawie GODZINY PRACY BIBLIOTEKI SZKOLNEJ Dzie\u0144 tygodnia Godziny pracy Poniedzia\u0142ek 8.00 &#8211; 20.00 Wtorek 8.00 &#8211; 20.00 \u015aroda 8.00 &#8211; 20.00 Czwartek 8.00 &#8211; 20.00 Pi\u0105tek 8.00 &#8211; 20.00 REGULAMIN BIBLIOTEKI SZKOLNEJ Z biblioteki szkolnej mog\u0105 korzysta\u0107 uczniowie, nauczyciele i pracownicy szko\u0142y. Z [&hellip;]<\/p>\n","protected":false},"author":1,"featured_media":0,"parent":0,"menu_order":4,"comment_status":"closed","ping_status":"closed","template":"","meta":{"footnotes":""},"class_list":["post-140","page","type-page","status-publish","hentry"],"_links":{"self":[{"href":"https:\/\/szkolanr8.freekru.pl\/index.php?rest_route=\/wp\/v2\/pages\/140","targetHints":{"allow":["GET"]}}],"collection":[{"href":"https:\/\/szkolanr8.freekru.pl\/index.php?rest_route=\/wp\/v2\/pages"}],"about":[{"href":"https:\/\/szkolanr8.freekru.pl\/index.php?rest_route=\/wp\/v2\/types\/page"}],"author":[{"embeddable":true,"href":"https:\/\/szkolanr8.freekru.pl\/index.php?rest_route=\/wp\/v2\/users\/1"}],"replies":[{"embeddable":true,"href":"https:\/\/szkolanr8.freekru.pl\/index.php?rest_route=%2Fwp%2Fv2%2Fcomments&post=140"}],"version-history":[{"count":3,"href":"https:\/\/szkolanr8.freekru.pl\/index.php?rest_route=\/wp\/v2\/pages\/140\/revisions"}],"predecessor-version":[{"id":150,"href":"https:\/\/szkolanr8.freekru.pl\/index.php?rest_route=\/wp\/v2\/pages\/140\/revisions\/150"}],"wp:attachment":[{"href":"https:\/\/szkolanr8.freekru.pl\/index.php?rest_route=%2Fwp%2Fv2%2Fmedia&parent=140"}],"curies":[{"name":"wp","href":"https:\/\/api.w.org\/{rel}","templated":true}]}}