
{"id":466,"date":"2021-10-09T16:07:45","date_gmt":"2021-10-09T16:07:45","guid":{"rendered":"https:\/\/szkolanr8.freekru.pl\/?page_id=466"},"modified":"2024-02-21T18:08:19","modified_gmt":"2024-02-21T18:08:19","slug":"byli-pracownicy-szkoly-2","status":"publish","type":"page","link":"https:\/\/szkolanr8.freekru.pl\/?page_id=466","title":{"rendered":"Byli pracownicy szko\u0142y"},"content":{"rendered":"\n<h2 class=\"wp-block-heading\">Byli pracownicy Niepublicznej Szko\u0142y Podstawowej Nr 8 Im Fryderyka Chopina <\/h2>\n\n\n\n<p><\/p>\n\n\n\n<figure class=\"wp-block-table is-style-regular\"><table><tbody><tr><td><strong>Imi\u0119 i nazwisko <\/strong><\/td><td><strong>Pe\u0142nione funkcje \/ Nauczane przedmioty<\/strong><\/td><td><strong>Lata pracy <\/strong><\/td><td><strong>Zdj\u0119cie <\/strong><\/td><\/tr><tr><td>mgr. Marian Klos <\/td><td>Dyrektor \/ Doradztwo zawodowe <\/td><td>1998 &#8211; 2021<\/td><td><img loading=\"lazy\" decoding=\"async\" width=\"110\" height=\"110\" class=\"wp-image-24\" style=\"width: 110px;\" src=\"https:\/\/szkolanr8.freekru.pl\/wp-content\/uploads\/2020\/10\/ea67gfs5.bmp\" alt=\"\"><\/td><\/tr><tr><td>mgr. Ma\u0142gorzata J\u00f3zefiak<\/td><td>J\u0119zyk Polski <\/td><td>2013 &#8211; 2016 <\/td><td><\/td><\/tr><tr><td>mgr. Jakub Lipi\u0144ski <\/td><td>Wychowanie fizyczne <\/td><td>2010 &#8211; 2019 <\/td><td><\/td><\/tr><tr><td>mgr. Filip Kowal <\/td><td>Wychowanie fizyczne <\/td><td>2016 &#8211; 2018<\/td><td><\/td><\/tr><tr><td>mgr. Paulina Kalinowska<\/td><td>Dyrektor zast\u0119pczy \/ Wychowanie do \u017cycia w rodzinie <\/td><td>2020 &#8211; 2021<\/td><td><\/td><\/tr><tr><td>mgr. Piotr Krajewski <\/td><td>J\u0119zyk Angielski <\/td><td>2016 &#8211; 2020 <\/td><td><\/td><\/tr><tr><td>mgr. Adrian Urbaniak<\/td><td>Wiedza o motoryzacji <\/td><td>10.09.2022 &#8211; 14.12.2022<\/td><td><\/td><\/tr><tr><td>mgr. Witold Czajka <\/td><td>J\u0119zyk Polski <\/td><td>1998 &#8211; 2016 <\/td><td><\/td><\/tr><tr><td>mgr. Filip Olszewski <\/td><td>Edukacja dla bezpiecze\u0144stwa <\/td><td>2016 &#8211; 2021 <\/td><td><img loading=\"lazy\" decoding=\"async\" width=\"110\" height=\"110\" class=\"wp-image-485\" style=\"width: 110px;\" src=\"https:\/\/szkolanr8.freekru.pl\/wp-content\/uploads\/2021\/10\/yzxn1crp.bmp\" alt=\"\"><\/td><\/tr><tr><td>mgr. Bruno Brzezi\u0144ski <\/td><td>J\u0119zyk Angielski <\/td><td>2021 &#8211; 2022 <\/td><td><img loading=\"lazy\" decoding=\"async\" width=\"110\" height=\"110\" class=\"wp-image-681\" style=\"width: 110px;\" src=\"https:\/\/szkolanr8.freekru.pl\/wp-content\/uploads\/2022\/09\/Bruno.jpg\" alt=\"\" srcset=\"https:\/\/szkolanr8.freekru.pl\/wp-content\/uploads\/2022\/09\/Bruno.jpg 1024w, https:\/\/szkolanr8.freekru.pl\/wp-content\/uploads\/2022\/09\/Bruno-300x300.jpg 300w, https:\/\/szkolanr8.freekru.pl\/wp-content\/uploads\/2022\/09\/Bruno-150x150.jpg 150w, https:\/\/szkolanr8.freekru.pl\/wp-content\/uploads\/2022\/09\/Bruno-768x768.jpg 768w, https:\/\/szkolanr8.freekru.pl\/wp-content\/uploads\/2022\/09\/Bruno-500x500.jpg 500w\" sizes=\"auto, (max-width: 110px) 100vw, 110px\" \/><\/td><\/tr><tr><td>mgr. Wac\u0142aw Siebratowski<\/td><td>J\u0119zyk Angielski <\/td><td>2020 &#8211; 2021 <\/td><td><img loading=\"lazy\" decoding=\"async\" width=\"110\" height=\"110\" class=\"wp-image-458\" style=\"width: 110px;\" src=\"https:\/\/szkolanr8.freekru.pl\/wp-content\/uploads\/2021\/10\/image.jpg\" alt=\"\" srcset=\"https:\/\/szkolanr8.freekru.pl\/wp-content\/uploads\/2021\/10\/image.jpg 1024w, https:\/\/szkolanr8.freekru.pl\/wp-content\/uploads\/2021\/10\/image-300x300.jpg 300w, https:\/\/szkolanr8.freekru.pl\/wp-content\/uploads\/2021\/10\/image-150x150.jpg 150w, https:\/\/szkolanr8.freekru.pl\/wp-content\/uploads\/2021\/10\/image-768x768.jpg 768w\" sizes=\"auto, (max-width: 110px) 100vw, 110px\" \/><\/td><\/tr><tr><td>prof. dr hab. n. chem&nbsp;Cezary Jankowski<\/td><td>Chemia<\/td><td>2020 &#8211; 2022 <\/td><td><img loading=\"lazy\" decoding=\"async\" width=\"110\" height=\"111\" class=\"wp-image-620\" style=\"width: 110px;\" src=\"https:\/\/szkolanr8.freekru.pl\/wp-content\/uploads\/2022\/09\/j3ik65be.bmp\" alt=\"\"><\/td><\/tr><tr><td>mgr. Eugeniusz Kwiatkowski<\/td><td>J\u0119zyk Polski <\/td><td>2020 &#8211; 2023 <\/td><td><img loading=\"lazy\" decoding=\"async\" width=\"110\" height=\"110\" class=\"wp-image-743\" style=\"width: 110px;\" src=\"https:\/\/szkolanr8.freekru.pl\/wp-content\/uploads\/2023\/09\/Kwiatkowski.bmp\" alt=\"\"><\/td><\/tr><tr><td>p. Weronika Witkowska<\/td><td>Sekretarka szkolna <\/td><td>2010 &#8211; 2023 <\/td><td><\/td><\/tr><tr><td>mgr. Edward Kobiernicki<\/td><td>Chemia<\/td><td>2022 &#8211; 2024 <\/td><td><img loading=\"lazy\" decoding=\"async\" width=\"110\" height=\"110\" class=\"wp-image-629\" style=\"width: 110px;\" src=\"https:\/\/szkolanr8.freekru.pl\/wp-content\/uploads\/2022\/09\/image.jpg\" alt=\"\" srcset=\"https:\/\/szkolanr8.freekru.pl\/wp-content\/uploads\/2022\/09\/image.jpg 1024w, https:\/\/szkolanr8.freekru.pl\/wp-content\/uploads\/2022\/09\/image-300x300.jpg 300w, https:\/\/szkolanr8.freekru.pl\/wp-content\/uploads\/2022\/09\/image-150x150.jpg 150w, https:\/\/szkolanr8.freekru.pl\/wp-content\/uploads\/2022\/09\/image-768x768.jpg 768w\" sizes=\"auto, (max-width: 110px) 100vw, 110px\" \/><\/td><\/tr><tr><td>\u015ap. mgr. Stanis\u0142aw Chmielewski <\/td><td>Chemia <\/td><td>2017 &#8211; 2019 <\/td><td><\/td><\/tr><\/tbody><\/table><\/figure>\n","protected":false},"excerpt":{"rendered":"<p>Byli pracownicy Niepublicznej Szko\u0142y Podstawowej Nr 8 Im Fryderyka Chopina Imi\u0119 i nazwisko Pe\u0142nione funkcje \/ Nauczane przedmioty Lata pracy Zdj\u0119cie mgr. Marian Klos Dyrektor \/ Doradztwo zawodowe 1998 &#8211; 2021 mgr. Ma\u0142gorzata J\u00f3zefiak J\u0119zyk Polski 2013 &#8211; 2016 mgr. Jakub Lipi\u0144ski Wychowanie fizyczne 2010 &#8211; 2019 mgr. Filip Kowal Wychowanie fizyczne 2016 &#8211; 2018 [&hellip;]<\/p>\n","protected":false},"author":1,"featured_media":0,"parent":0,"menu_order":0,"comment_status":"closed","ping_status":"closed","template":"","meta":{"footnotes":""},"class_list":["post-466","page","type-page","status-publish","hentry"],"_links":{"self":[{"href":"https:\/\/szkolanr8.freekru.pl\/index.php?rest_route=\/wp\/v2\/pages\/466","targetHints":{"allow":["GET"]}}],"collection":[{"href":"https:\/\/szkolanr8.freekru.pl\/index.php?rest_route=\/wp\/v2\/pages"}],"about":[{"href":"https:\/\/szkolanr8.freekru.pl\/index.php?rest_route=\/wp\/v2\/types\/page"}],"author":[{"embeddable":true,"href":"https:\/\/szkolanr8.freekru.pl\/index.php?rest_route=\/wp\/v2\/users\/1"}],"replies":[{"embeddable":true,"href":"https:\/\/szkolanr8.freekru.pl\/index.php?rest_route=%2Fwp%2Fv2%2Fcomments&post=466"}],"version-history":[{"count":12,"href":"https:\/\/szkolanr8.freekru.pl\/index.php?rest_route=\/wp\/v2\/pages\/466\/revisions"}],"predecessor-version":[{"id":823,"href":"https:\/\/szkolanr8.freekru.pl\/index.php?rest_route=\/wp\/v2\/pages\/466\/revisions\/823"}],"wp:attachment":[{"href":"https:\/\/szkolanr8.freekru.pl\/index.php?rest_route=%2Fwp%2Fv2%2Fmedia&parent=466"}],"curies":[{"name":"wp","href":"https:\/\/api.w.org\/{rel}","templated":true}]}}