
{"id":54,"date":"2020-10-15T18:13:10","date_gmt":"2020-10-15T18:13:10","guid":{"rendered":"http:\/\/szkolanr8.freekru.pl\/?page_id=54"},"modified":"2021-05-24T11:56:15","modified_gmt":"2021-05-24T11:56:15","slug":"kontakt","status":"publish","type":"page","link":"https:\/\/szkolanr8.freekru.pl\/?page_id=54","title":{"rendered":"Kontakt"},"content":{"rendered":"\n<p><\/p>\n\n\n\n<div class=\"wp-block-image is-style-default\"><figure class=\"aligncenter size-large is-resized\"><img loading=\"lazy\" decoding=\"async\" src=\"https:\/\/szkolanr8.freekru.pl\/wp-content\/uploads\/2021\/04\/Przechwytywanie-removebg-preview.png\" alt=\"\" class=\"wp-image-370\" width=\"201\" height=\"195\"\/><\/figure><\/div>\n\n\n\n<p class=\"has-text-align-center\"><strong>Niepubliczna Szko\u0142a Podstawowa Nr 8<\/strong><br><strong>Im. Fryderyka Chopina <\/strong><br><strong>Tel. +48 226622400<\/strong><\/p>\n\n\n\n<p class=\"has-text-align-center\"><strong>E-mail:\u00a0<\/strong><br>sekretariat@szkolanr8.freekru.pl<br>admin@szkolanr8.freekru.pl<\/p>\n\n\n\n<p class=\"has-text-align-center\"><strong>Godziny pracy sekretariatu:<\/strong><\/p>\n\n\n\n<p class=\"has-text-align-center\">poniedzia\u0142ek: 7.30 \u2013 16.00<br>wtorek: 8.00 \u2013 16.00<\/p>\n\n\n\n<p class=\"has-text-align-center\"><strong><em>(\u015aroda jest dniem wewn\u0119trznym \u2013 sekretariat nieczynny)<\/em><\/strong><br>czwartek: 8.00 \u2013 17.00<br>pi\u0105tek: 8.00 \u2013 16.00<\/p>\n\n\n\n<p class=\"has-text-align-center\"><strong>Dyrektorzy szko\u0142y oraz Wicedyrektor przyjmuj\u0105 interesant\u00f3w<\/strong><br><strong>po wcze\u015bniejszym telefonicznym um\u00f3wieniu 22 666-21-48<\/strong><\/p>\n\n\n\n<p class=\"has-text-align-center\"><strong>Sekretariat:<\/strong>&nbsp;<br><\/p>\n\n\n\n<p class=\"has-text-align-center\">Blanka Wo\u017aniak (blanka.wozniak@szkolanr8.freekru.pl)<br>Weronika Witkowska (weronika.witkowska@szkolanr8.freekru.pl)<\/p>\n\n\n\n<p class=\"has-text-align-center\"><strong>Kierownicy poszczeg\u00f3lnych oddzia\u0142\u00f3w:<\/strong>&nbsp;<br><\/p>\n\n\n\n<p class=\"has-text-align-center\">Warszawa (mgr.Kamil Urbaniak &#8211; wicedyrektor)<\/p>\n\n\n\n<p class=\"has-text-align-center\">Krak\u00f3w (mgr. Aleksy Kowalski) <\/p>\n\n\n\n<p class=\"has-text-align-center\">P\u0142ock (mgr. Oktawian Sadowski ) <\/p>\n\n\n\n<p class=\"has-text-align-center\">Pruszk\u00f3w (mgr. Ignacy Szymczak)<\/p>\n\n\n\n<p class=\"has-text-align-center\"><strong>Pomoc administracyjna:<\/strong>&nbsp;<br><\/p>\n\n\n\n<p class=\"has-text-align-center\">Bo\u017cena Szmyk <\/p>\n\n\n\n<p class=\"has-text-align-center\">Jadwiga W\u0142odkiewicz <\/p>\n\n\n\n<p class=\"has-text-align-center\">Monika Zielonek <\/p>\n\n\n\n<p class=\"has-text-align-center\">Kinga Sawczuk <\/p>\n\n\n\n<p class=\"has-text-align-center\"><strong>Administrator strony:<\/strong><br>Kamil Urbaniak: kamil.urbaniak@szkolanr8.pl<\/p>\n\n\n\n<p><\/p>\n\n\n\n<p class=\"has-text-align-center\"><strong>Oddzia\u0142y Naszej Szko\u0142y: <\/strong><\/p>\n\n\n\n<ul class=\"wp-block-list\"><li>Niepubliczna Szko\u0142a Podstawowa nr 8 w Warszawie <\/li><li>Niepubliczna Szko\u0142a Podstawowa nr 8 w Krakowie<\/li><li>Niepubliczna Szko\u0142a Podstawowa nr 8 w P\u0142ocku <\/li><li>Niepubliczna Szko\u0142a Podstawowa nr 8 w Pruszkowie<\/li><\/ul>\n","protected":false},"excerpt":{"rendered":"<p>Niepubliczna Szko\u0142a Podstawowa Nr 8Im. Fryderyka Chopina Tel. +48 226622400 E-mail:\u00a0sekretariat@szkolanr8.freekru.pladmin@szkolanr8.freekru.pl Godziny pracy sekretariatu: poniedzia\u0142ek: 7.30 \u2013 16.00wtorek: 8.00 \u2013 16.00 (\u015aroda jest dniem wewn\u0119trznym \u2013 sekretariat nieczynny)czwartek: 8.00 \u2013 17.00pi\u0105tek: 8.00 \u2013 16.00 Dyrektorzy szko\u0142y oraz Wicedyrektor przyjmuj\u0105 interesant\u00f3wpo wcze\u015bniejszym telefonicznym um\u00f3wieniu 22 666-21-48 Sekretariat:&nbsp; Blanka Wo\u017aniak (blanka.wozniak@szkolanr8.freekru.pl)Weronika Witkowska (weronika.witkowska@szkolanr8.freekru.pl) Kierownicy poszczeg\u00f3lnych oddzia\u0142\u00f3w:&nbsp; Warszawa [&hellip;]<\/p>\n","protected":false},"author":1,"featured_media":0,"parent":0,"menu_order":10,"comment_status":"closed","ping_status":"closed","template":"","meta":{"footnotes":""},"class_list":["post-54","page","type-page","status-publish","hentry"],"_links":{"self":[{"href":"https:\/\/szkolanr8.freekru.pl\/index.php?rest_route=\/wp\/v2\/pages\/54","targetHints":{"allow":["GET"]}}],"collection":[{"href":"https:\/\/szkolanr8.freekru.pl\/index.php?rest_route=\/wp\/v2\/pages"}],"about":[{"href":"https:\/\/szkolanr8.freekru.pl\/index.php?rest_route=\/wp\/v2\/types\/page"}],"author":[{"embeddable":true,"href":"https:\/\/szkolanr8.freekru.pl\/index.php?rest_route=\/wp\/v2\/users\/1"}],"replies":[{"embeddable":true,"href":"https:\/\/szkolanr8.freekru.pl\/index.php?rest_route=%2Fwp%2Fv2%2Fcomments&post=54"}],"version-history":[{"count":8,"href":"https:\/\/szkolanr8.freekru.pl\/index.php?rest_route=\/wp\/v2\/pages\/54\/revisions"}],"predecessor-version":[{"id":407,"href":"https:\/\/szkolanr8.freekru.pl\/index.php?rest_route=\/wp\/v2\/pages\/54\/revisions\/407"}],"wp:attachment":[{"href":"https:\/\/szkolanr8.freekru.pl\/index.php?rest_route=%2Fwp%2Fv2%2Fmedia&parent=54"}],"curies":[{"name":"wp","href":"https:\/\/api.w.org\/{rel}","templated":true}]}}